{"id":36,"date":"2023-03-25T04:46:55","date_gmt":"2023-03-25T01:46:55","guid":{"rendered":"https:\/\/www.gokayaygun.com\/?page_id=36"},"modified":"2024-03-11T05:16:06","modified_gmt":"2024-03-11T02:16:06","slug":"emine-aygun","status":"publish","type":"page","link":"https:\/\/www.gokayaygun.com\/?page_id=36","title":{"rendered":"Emine Ayg\u00fcn"},"content":{"rendered":"\n<div class=\"wp-block-columns is-layout-flex wp-container-core-columns-is-layout-9d6595d7 wp-block-columns-is-layout-flex\">\n<div class=\"wp-block-column is-layout-flow wp-block-column-is-layout-flow\" style=\"flex-basis:10%\"><\/div>\n\n\n\n<div class=\"wp-block-column is-layout-flow wp-block-column-is-layout-flow\" style=\"flex-basis:80%\"><div class=\"wp-block-image\">\n<figure class=\"aligncenter size-large\"><img decoding=\"async\" src=\"https:\/\/www.gokayaygun.com\/images\/aile\/emineaygun01.jpg\" alt=\"Emine Ayg\u00fcn (F\u0131nd\u0131k Zaman\u0131)\"\/><figcaption class=\"wp-element-caption\"><strong><em>Emine Ayg\u00fcn (F\u0131nd\u0131k Zaman\u0131)<\/em><\/strong><\/figcaption><\/figure>\n<\/div>\n\n\n<div class=\"wp-block-columns is-layout-flex wp-container-core-columns-is-layout-9d6595d7 wp-block-columns-is-layout-flex\">\n<div class=\"wp-block-column is-layout-flow wp-block-column-is-layout-flow\"><\/div>\n<\/div>\n\n\n\n<h3 class=\"wp-block-heading has-text-align-center has-black-color has-text-color\">EM\u0130NE AYG\u00dcN<\/h3>\n\n\n\n<div class=\"wp-block-columns is-layout-flex wp-container-core-columns-is-layout-9d6595d7 wp-block-columns-is-layout-flex\">\n<div class=\"wp-block-column is-layout-flow wp-block-column-is-layout-flow\"><\/div>\n<\/div>\n\n\n\n<p class=\"has-black-color has-text-color has-medium-font-size\">Yetimosmano\u011fullar\u0131 s\u00fclalesinden Yeter Yayla ve Talip Yayla\u2019n\u0131n k\u0131z\u0131 olan Emine Ayg\u00fcn, 24 Haziran 1912 Pazartesi g\u00fcn\u00fc Giresun Ke\u015fap K\u00fc\u00e7\u00fckgeri\u015f K\u00f6y\u00fc\u2019nde d\u00fcnyaya geldi. Daha \u00e7ocuk denecek ya\u015fta teyzesinin (Hanim Ayg\u00fcn) o\u011fluyla (Mehmet Ayg\u00fcn) evlendirildi. Bir s\u00fcre sonra baba evine gelen Emine Ayg\u00fcn, gen\u00e7 k\u0131zl\u0131\u011fa ad\u0131m att\u0131\u011f\u0131nda tekrar koca evine geri d\u00f6nd\u00fc. Mehmet Ayg\u00fcn\u2019le evli olan Emine Ayg\u00fcn\u2019\u00fcn Mustafa, Muzaffer ve Kadun isimli 3 \u00e7ocu\u011fu oldu.<\/p>\n\n\n\n<p class=\"has-black-color has-text-color has-medium-font-size\">Zorluk, yokluk ve \u00e7ile i\u00e7inde \u00e7ocuklar\u0131n\u0131 yeti\u015ftiren Emine Ayg\u00fcn; sevgi dolu, \u00e7al\u0131\u015fkan, yard\u0131msever ve nahif bir kad\u0131nd\u0131. 23 Mart 1989 Per\u015fembe g\u00fcn\u00fc \u0130stanbul\u2019da Dar\u00fcl Beka\u2019ya g\u00fc\u00e7 eyleyen Emine Ayg\u00fcn, \u0130stanbul Beyo\u011flu Hask\u00f6y Mezarl\u0131\u011f\u0131\u2019nda medfundur.<\/p>\n\n\n\n<p class=\"has-black-color has-text-color has-medium-font-size\"><strong>Emine Ayg\u00fcn\u2019\u00fcn babas\u0131:<\/strong> Talip Yayla (1881-1917).<\/p>\n\n\n\n<p class=\"has-black-color has-text-color has-medium-font-size\"><strong>Emine Ayg\u00fcn\u2019\u00fcn annesi:<\/strong> Yeter Yayla (1884-1974).<\/p>\n\n\n\n<p class=\"has-black-color has-text-color has-medium-font-size\"><strong>Emine Ayg\u00fcn\u2019\u00fcn baba taraf\u0131ndan dedesi:<\/strong> (Yetim) Osman (1829-1913) (Talip Yayla\u2019n\u0131n babas\u0131).<\/p>\n\n\n\n<p class=\"has-black-color has-text-color has-medium-font-size\"><strong>Emine Ayg\u00fcn\u2019\u00fcn babaannesi:<\/strong> Fatma (1844-1910) (Talip Yayla\u2019n\u0131n annesi).<\/p>\n\n\n\n<p class=\"has-black-color has-text-color has-medium-font-size\"><strong>Emine Ayg\u00fcn\u2019\u00fcn anne taraf\u0131ndan dedesi:<\/strong> Mehmet \u00c7avu\u015f (Durmu\u015fo\u011fullar\u0131 s\u00fclalesinden) (Yeter Yayla\u2019n\u0131n babas\u0131).<\/p>\n\n\n\n<p class=\"has-black-color has-text-color has-medium-font-size\"><strong>Emine Ayg\u00fcn\u2019\u00fcn anneannesi:<\/strong> Dudu (Yeter Yayla\u2019n\u0131n annesi).<\/p>\n\n\n\n<p class=\"has-black-color has-text-color has-medium-font-size\"><strong>Emine Ayg\u00fcn\u2019\u00fcn amcalar\u0131:<\/strong> Muharrem Yayla (1883-1949), Gen\u00e7a\u011fa Yayla (1892-1916).<\/p>\n\n\n\n<p class=\"has-black-color has-text-color has-medium-font-size\"><strong>Emine Ayg\u00fcn\u2019\u00fcn teyzeleri:<\/strong> Zeynep Torlak (T\u0131ylako\u011fullar\u0131 s\u00fclalesinden Mustafa Torlak\u2019\u0131n e\u015fi, -G\u00fcl- Ali Torlak\u2019\u0131n annesi), Hanim Ayg\u00fcn, Emine \u00d6z (Giresun Dereli Tepek\u00fcknar K\u00f6y\u00fc\u2019ne gelin gitmi\u015f, Abdullah \u00d6z, Mehmet \u00d6z, Ay\u015fe, Rahime, Asiye ve Fatma\u2019n\u0131n anneleri).<\/p>\n\n\n\n<p class=\"has-black-color has-text-color has-medium-font-size\"><strong>Emine Ayg\u00fcn\u2019\u00fcn baba taraf\u0131ndan b\u00fcy\u00fck dedesi:<\/strong> Yusuf o\u011flu Ahmet (-Yetim- Osman\u2019\u0131n babas\u0131).<\/p>\n\n\n\n<p class=\"has-black-color has-text-color has-medium-font-size\"><strong>Emine Ayg\u00fcn\u2019\u00fcn baba taraf\u0131ndan b\u00fcy\u00fck ninesi:<\/strong> Emine (-Yetim- Osman\u2019\u0131n annesi).<\/p>\n\n\n\n<p class=\"has-black-color has-text-color has-medium-font-size\"><strong>Emine Ayg\u00fcn\u2019\u00fcn baba taraf\u0131ndan en b\u00fcy\u00fck dedesi:<\/strong> Yusuf (Bayburt\u2019un Ayd\u0131ntepe -eski ad\u0131 Hart- P\u0131narg\u00f6z\u00fc -eski ad\u0131 Kilhos- K\u00f6y\u00fc\u2019nden ka\u00e7\u0131r\u0131larak getirilmi\u015f).<\/p>\n\n\n\n<p class=\"has-black-color has-text-color has-medium-font-size\"><strong>Emine Ayg\u00fcn\u2019\u00fcn karde\u015fleri:<\/strong> Hakk\u0131 Yayla (1904-1977), H\u00fcrm\u00fcz Keskin (1905-1996), Arife T\u00fcrkol (1911-1997), Osman Yayla (1917-1960).<\/p>\n\n\n\n<p class=\"has-black-color has-text-color has-medium-font-size\"><strong>Emine Ayg\u00fcn\u2019\u00fcn \u00e7ocuklar\u0131:<\/strong> Kadun Aydo\u011fdu, Mustafa Ayg\u00fcn, Muzaffer Ayg\u00fcn.<\/p>\n\n\n\n<p class=\"has-black-color has-text-color has-medium-font-size\"><strong>Emine Ayg\u00fcn\u2019\u00fcn torunlar\u0131:<\/strong> Meryem \u00c7ak\u0131r, Haydar Aydo\u011fdu, Orhan Aydo\u011fdu, G\u00f6kay Ayg\u00fcn, Aysel Ayg\u00fcn, Fadime Aydo\u011fdu, T\u00fclay Ayg\u00fcn, Birsel Ayg\u00fcn, G\u00f6ksel Ayg\u00fcn, Nezahat Gen\u00e7, Muhammet Ali Ayg\u00fcn, \u0130sa Ayg\u00fcn.<\/p>\n\n\n\n<p class=\"has-black-color has-text-color has-medium-font-size\">Her zaman hasret ve rahmetle and\u0131\u011f\u0131m\u0131z sevgili babaannem Emine Ayg\u00fcn\u2019\u00fcn ruhu \u015fad, mekan\u0131 cennet olsun, Allah gani gani rahmet eylesin.<\/p>\n\n\n\n<div class=\"wp-block-columns is-layout-flex wp-container-core-columns-is-layout-9d6595d7 wp-block-columns-is-layout-flex\">\n<div class=\"wp-block-column is-layout-flow wp-block-column-is-layout-flow\"><\/div>\n<\/div>\n\n\n<div class=\"wp-block-image\">\n<figure class=\"aligncenter size-large\"><img decoding=\"async\" src=\"https:\/\/www.gokayaygun.com\/images\/aile\/emineaygun2019kbr.jpg\" alt=\"Emine Ayg\u00fcn\u2019\u00fcn \u0130stanbul Hask\u00f6y Mezarl\u0131\u011f\u0131ndaki kabri\"\/><figcaption class=\"wp-element-caption\"><strong><em>Emine Ayg\u00fcn\u2019\u00fcn \u0130stanbul Hask\u00f6y Mezarl\u0131\u011f\u0131ndaki kabri<\/em><\/strong><\/figcaption><\/figure>\n<\/div>\n\n\n<div class=\"wp-block-columns is-layout-flex wp-container-core-columns-is-layout-9d6595d7 wp-block-columns-is-layout-flex\">\n<div class=\"wp-block-column is-layout-flow wp-block-column-is-layout-flow\"><\/div>\n<\/div>\n\n\n\n<h5 class=\"wp-block-heading has-text-align-center has-black-color has-text-color\">KABE \u0130MAMINDAN YAS\u0130N-\u0130 \u015eER\u0130F<\/h5>\n\n\n\n<div class=\"wp-block-columns is-layout-flex wp-container-core-columns-is-layout-9d6595d7 wp-block-columns-is-layout-flex\">\n<div class=\"wp-block-column is-layout-flow wp-block-column-is-layout-flow\"><\/div>\n<\/div>\n\n\n\n<div class=\"wp-block-columns is-layout-flex wp-container-core-columns-is-layout-9d6595d7 wp-block-columns-is-layout-flex\">\n<div class=\"wp-block-column is-layout-flow wp-block-column-is-layout-flow\" style=\"flex-basis:30%\"><\/div>\n\n\n\n<div class=\"wp-block-column is-layout-flow wp-block-column-is-layout-flow\" style=\"flex-basis:30%\">\n<figure class=\"wp-block-audio aligncenter\"><audio controls src=\"https:\/\/www.gokayaygun.com\/images\/aile\/yasin.mp3\"><\/audio><\/figure>\n<\/div>\n\n\n\n<div class=\"wp-block-column is-layout-flow wp-block-column-is-layout-flow\" style=\"flex-basis:40%\"><\/div>\n<\/div>\n\n\n\n<div class=\"wp-block-columns is-layout-flex wp-container-core-columns-is-layout-9d6595d7 wp-block-columns-is-layout-flex\">\n<div class=\"wp-block-column is-layout-flow wp-block-column-is-layout-flow\"><\/div>\n<\/div>\n\n\n\n<h5 class=\"wp-block-heading has-text-align-center has-black-color has-text-color\">HOCAEFEND\u0130DEN H\u00dcVALLAH\u00dcLLEZ\u0130 AYET\u0130 VE DUA<\/h5>\n\n\n\n<div class=\"wp-block-columns is-layout-flex wp-container-core-columns-is-layout-9d6595d7 wp-block-columns-is-layout-flex\">\n<div class=\"wp-block-column is-layout-flow wp-block-column-is-layout-flow\"><\/div>\n<\/div>\n\n\n\n<div class=\"wp-block-columns is-layout-flex wp-container-core-columns-is-layout-9d6595d7 wp-block-columns-is-layout-flex\">\n<div class=\"wp-block-column is-layout-flow wp-block-column-is-layout-flow\" style=\"flex-basis:30%\"><\/div>\n\n\n\n<div class=\"wp-block-column is-layout-flow wp-block-column-is-layout-flow\" style=\"flex-basis:30%\">\n<figure class=\"wp-block-audio aligncenter\"><audio controls src=\"https:\/\/www.gokayaygun.com\/images\/aile\/dua.mp3\"><\/audio><\/figure>\n<\/div>\n\n\n\n<div class=\"wp-block-column is-layout-flow wp-block-column-is-layout-flow\" style=\"flex-basis:40%\"><\/div>\n<\/div>\n\n\n\n<div class=\"wp-block-columns is-layout-flex wp-container-core-columns-is-layout-9d6595d7 wp-block-columns-is-layout-flex\">\n<div class=\"wp-block-column is-layout-flow wp-block-column-is-layout-flow\"><\/div>\n<\/div>\n\n\n<div class=\"wp-block-image\">\n<figure class=\"aligncenter size-large\"><img decoding=\"async\" src=\"https:\/\/www.gokayaygun.com\/images\/aile\/emineaygun02.jpg\" alt=\"Emine Ayg\u00fcn, torunlar\u0131yla birlikte. (Leman T\u00fcrkol, Ahmet Ayg\u00fcn, Aysel Ayg\u00fcn, Birsel Ayg\u00fcn, Tezcan T\u00fcrkol)\"\/><figcaption class=\"wp-element-caption\"><strong><em>Emine Ayg\u00fcn, torunlar\u0131yla birlikte. (Leman T\u00fcrkol, Ahmet Ayg\u00fcn, Aysel Ayg\u00fcn, Birsel Ayg\u00fcn, Tezcan T\u00fcrkol)<\/em><\/strong><\/figcaption><\/figure>\n<\/div><\/div>\n\n\n\n<div class=\"wp-block-column is-layout-flow wp-block-column-is-layout-flow\" style=\"flex-basis:10%\"><\/div>\n<\/div>\n","protected":false},"excerpt":{"rendered":"<p>EM\u0130NE AYG\u00dcN Yetimosmano\u011fullar\u0131 s\u00fclalesinden Yeter Yayla ve Talip Yayla\u2019n\u0131n k\u0131z\u0131 olan Emine Ayg\u00fcn, 24 Haziran 1912 Pazartesi g\u00fcn\u00fc Giresun Ke\u015fap K\u00fc\u00e7\u00fckgeri\u015f K\u00f6y\u00fc\u2019nde d\u00fcnyaya geldi. Daha \u00e7ocuk denecek ya\u015fta teyzesinin (Hanim Ayg\u00fcn) o\u011fluyla (Mehmet Ayg\u00fcn) evlendirildi. Bir s\u00fcre sonra baba evine gelen Emine Ayg\u00fcn, gen\u00e7 k\u0131zl\u0131\u011fa ad\u0131m att\u0131\u011f\u0131nda tekrar koca evine geri d\u00f6nd\u00fc. Mehmet Ayg\u00fcn\u2019le evli<\/p>\n","protected":false},"author":1,"featured_media":0,"parent":0,"menu_order":0,"comment_status":"closed","ping_status":"closed","template":"page-fullwidth.php","meta":{"footnotes":""},"class_list":["post-36","page","type-page","status-publish","hentry"],"_links":{"self":[{"href":"https:\/\/www.gokayaygun.com\/index.php?rest_route=\/wp\/v2\/pages\/36","targetHints":{"allow":["GET"]}}],"collection":[{"href":"https:\/\/www.gokayaygun.com\/index.php?rest_route=\/wp\/v2\/pages"}],"about":[{"href":"https:\/\/www.gokayaygun.com\/index.php?rest_route=\/wp\/v2\/types\/page"}],"author":[{"embeddable":true,"href":"https:\/\/www.gokayaygun.com\/index.php?rest_route=\/wp\/v2\/users\/1"}],"replies":[{"embeddable":true,"href":"https:\/\/www.gokayaygun.com\/index.php?rest_route=%2Fwp%2Fv2%2Fcomments&post=36"}],"version-history":[{"count":1,"href":"https:\/\/www.gokayaygun.com\/index.php?rest_route=\/wp\/v2\/pages\/36\/revisions"}],"predecessor-version":[{"id":61,"href":"https:\/\/www.gokayaygun.com\/index.php?rest_route=\/wp\/v2\/pages\/36\/revisions\/61"}],"wp:attachment":[{"href":"https:\/\/www.gokayaygun.com\/index.php?rest_route=%2Fwp%2Fv2%2Fmedia&parent=36"}],"curies":[{"name":"wp","href":"https:\/\/api.w.org\/{rel}","templated":true}]}}